{"id":560,"date":"2015-02-23T10:23:28","date_gmt":"2015-02-23T09:23:28","guid":{"rendered":"https:\/\/www.salco.si\/?page_id=560"},"modified":"2024-01-29T12:48:07","modified_gmt":"2024-01-29T11:48:07","slug":"umwelt","status":"publish","type":"page","link":"https:\/\/www.salco.si\/de\/uber-das-unternehmen\/umwelt\/","title":{"rendered":"Umwelt"},"content":{"rendered":"<div  class='flex_column av-k92ko-16ba2ad8406c607194db4afe2a0aad06 av_one_full  avia-builder-el-0  avia-builder-el-no-sibling  first flex_column_div  '     ><section  class='av_textblock_section av-exo54-f5612d4a7aaf6f389b266aa6e3ff0fbc '   itemscope=\"itemscope\" itemtype=\"https:\/\/schema.org\/CreativeWork\" ><div class='avia_textblock'  itemprop=\"text\" ><h4>UMWELT<\/h4>\n<\/div><\/section><br \/>\n<section  class='av_textblock_section av-8ofcg-01e2c909d61ab6b513adeffb1abf6362 '   itemscope=\"itemscope\" itemtype=\"https:\/\/schema.org\/CreativeWork\" ><div class='avia_textblock'  itemprop=\"text\" ><p><strong>Salco biennale Spende f\u00fcr die Waldpflege &#8211;\u00a0die\u00a0Zusammenarbeit\u00a0der Salco und\u00a0\u00a0Slovenia Forest Service<\/strong><\/p>\n<p>Salco biennale Spende f\u00fcr die Waldpflege wurde f\u00fcr 2021 am Suhadolnik Toma\u017e from Zabo\u010devo in zentral Slowenien gespendet.\u00a0750\u00a0Fichten wurden gepflanzt im November 2021 um ihr Wald der\u00a0von der Borkenk\u00e4fer schwer besch\u00e4digt wurde.<\/p>\n<p>Der Gewinner der Salco j\u00e4hrlich Spende f\u00fcr die Waldpflege ist von Slovenia Forest Service gew\u00e4hlt.<\/p>\n<p><a title=\"Vorherige Planungen\" href=\"https:\/\/www.salco.si\/de\/vorherige-planungen\/\">Vorherige Planungen<\/a>\u00a0\u00a0\/\u00a0\u00a0\u00a0<a title=\"Herkunft unseres Holzes\" href=\"https:\/\/www.salco.si\/de\/herkunft-unseres-holzes\/\">Herkunft unseres Holzes<\/a><\/p>\n<\/div><\/section><br \/>\n<\/p><\/div>\n","protected":false},"excerpt":{"rendered":"","protected":false},"author":1,"featured_media":0,"parent":557,"menu_order":0,"comment_status":"open","ping_status":"open","template":"","meta":{"footnotes":""},"acf":[],"_links":{"self":[{"href":"https:\/\/www.salco.si\/de\/wp-json\/wp\/v2\/pages\/560"}],"collection":[{"href":"https:\/\/www.salco.si\/de\/wp-json\/wp\/v2\/pages"}],"about":[{"href":"https:\/\/www.salco.si\/de\/wp-json\/wp\/v2\/types\/page"}],"author":[{"embeddable":true,"href":"https:\/\/www.salco.si\/de\/wp-json\/wp\/v2\/users\/1"}],"replies":[{"embeddable":true,"href":"https:\/\/www.salco.si\/de\/wp-json\/wp\/v2\/comments?post=560"}],"version-history":[{"count":28,"href":"https:\/\/www.salco.si\/de\/wp-json\/wp\/v2\/pages\/560\/revisions"}],"predecessor-version":[{"id":2397,"href":"https:\/\/www.salco.si\/de\/wp-json\/wp\/v2\/pages\/560\/revisions\/2397"}],"up":[{"embeddable":true,"href":"https:\/\/www.salco.si\/de\/wp-json\/wp\/v2\/pages\/557"}],"wp:attachment":[{"href":"https:\/\/www.salco.si\/de\/wp-json\/wp\/v2\/media?parent=560"}],"curies":[{"name":"wp","href":"https:\/\/api.w.org\/{rel}","templated":true}]}}